{"id":1259,"date":"2018-04-11T11:45:31","date_gmt":"2018-04-11T09:45:31","guid":{"rendered":"http:\/\/www.zuo-architecture.com\/?page_id=1259"},"modified":"2025-02-03T12:15:54","modified_gmt":"2025-02-03T11:15:54","slug":"organisation","status":"publish","type":"page","link":"https:\/\/www.zuo-architecture.com\/pb\/agence\/qui-sommes-nous\/organisation\/","title":{"rendered":"Organiza\u00e7\u00e3o"},"content":{"rendered":"<p><\/p>\n<p>A ZUO \u00e9 organizada segundo uma l\u00f3gica de cluster: a sede \u00e9 o centro das decis\u00f5es conceituais, estrat\u00e9gicas e culturais, reunindo os s\u00f3cios fundadores Thierry de Dinechin, Philippe Gorce e Yves Simon. O esp\u00edrito e a orienta\u00e7\u00e3o de cada projeto s\u00e3o definidos durante os ateli\u00eas criativos organizados entre os arquitetos associados.<\/p>\n<p>Os escrit\u00f3rios da ZUO desenvolvem os projetos e operam como verdadeiros est\u00fadios de arquitetura, sob a responsabilidade de s\u00f3cios ou diretores locais: Yves Simon em Montpellier, Aymeric Moneste em Paris, Fr\u00e9d\u00e9ric Hasid em Barcelona, Nicolas Lussiez em Nice, Ana Sachs e Matheus Mehler em S\u00e3o Paulo.<\/p>\n<p>Esses escrit\u00f3rios demonstram diariamente sua forte capacidade de projetar e realizar arquitetura e urbanismo para seus clientes. A ZUO est\u00e1 presente em Paris, Montpellier, Nice, Barcelona, S\u00e3o Paulo e Abidjan.<\/p>\n<p><\/p>","protected":false},"excerpt":{"rendered":"<p>A ZUO \u00e9 organizada segundo uma l\u00f3gica de cluster: a sede \u00e9 o centro das decis\u00f5es conceituais, estrat\u00e9gicas e culturais, reunindo os s\u00f3cios fundadores Thierry de Dinechin, Philippe Gorce e Yves Simon. O esp\u00edrito e a orienta\u00e7\u00e3o de cada projeto s\u00e3o definidos durante os ateli\u00eas criativos organizados entre os arquitetos associados. Os escrit\u00f3rios da ZUO [&hellip;]<\/p>\n","protected":false},"author":1,"featured_media":0,"parent":646,"menu_order":18,"comment_status":"closed","ping_status":"closed","template":"","meta":{"footnotes":""},"tags":[],"class_list":["post-1259","page","type-page","status-publish","hentry"],"_links":{"self":[{"href":"https:\/\/www.zuo-architecture.com\/pb\/wp-json\/wp\/v2\/pages\/1259","targetHints":{"allow":["GET"]}}],"collection":[{"href":"https:\/\/www.zuo-architecture.com\/pb\/wp-json\/wp\/v2\/pages"}],"about":[{"href":"https:\/\/www.zuo-architecture.com\/pb\/wp-json\/wp\/v2\/types\/page"}],"author":[{"embeddable":true,"href":"https:\/\/www.zuo-architecture.com\/pb\/wp-json\/wp\/v2\/users\/1"}],"replies":[{"embeddable":true,"href":"https:\/\/www.zuo-architecture.com\/pb\/wp-json\/wp\/v2\/comments?post=1259"}],"version-history":[{"count":59,"href":"https:\/\/www.zuo-architecture.com\/pb\/wp-json\/wp\/v2\/pages\/1259\/revisions"}],"predecessor-version":[{"id":3589,"href":"https:\/\/www.zuo-architecture.com\/pb\/wp-json\/wp\/v2\/pages\/1259\/revisions\/3589"}],"up":[{"embeddable":true,"href":"https:\/\/www.zuo-architecture.com\/pb\/wp-json\/wp\/v2\/pages\/646"}],"wp:attachment":[{"href":"https:\/\/www.zuo-architecture.com\/pb\/wp-json\/wp\/v2\/media?parent=1259"}],"wp:term":[{"taxonomy":"post_tag","embeddable":true,"href":"https:\/\/www.zuo-architecture.com\/pb\/wp-json\/wp\/v2\/tags?post=1259"}],"curies":[{"name":"wp","href":"https:\/\/api.w.org\/{rel}","templated":true}]}}