{"id":1201,"date":"2018-02-07T15:52:06","date_gmt":"2018-02-07T14:52:06","guid":{"rendered":"http:\/\/www.zuo-architecture.com\/?page_id=1201"},"modified":"2025-02-03T14:55:48","modified_gmt":"2025-02-03T13:55:48","slug":"careers","status":"publish","type":"page","link":"https:\/\/www.zuo-architecture.com\/pb\/agence\/careers\/","title":{"rendered":"Emploi"},"content":{"rendered":"<p><\/p>\n<p><\/p>\n<p><\/p>\n<p>Recrutamos regularmente novos arquitetos para integrar nossa equipe.<br \/>\nSe nossa filosofia, abordagem e criatividade despertam seu interesse, sinta-se \u00e0 vontade para se candidatar e fazer parte de nossa equipe.<\/p>\n<p class=\"extended\">Candidaturas espont\u00e2neas<br \/>\nPara analisarmos seu perfil, envie seu dossi\u00ea por e-mail (tamanho inferior a 8 MB) ou em formato impresso, contendo:<br \/>\numa carta de motiva\u00e7\u00e3o, um curr\u00edculo e um portf\u00f3lio de seus trabalhos.<br \/>\nE-mail: contact@zuo-architecture.com<\/p>\n<p><\/p>\n<p><\/p>","protected":false},"excerpt":{"rendered":"<p>Recrutamos regularmente novos arquitetos para integrar nossa equipe. Se nossa filosofia, abordagem e criatividade despertam seu interesse, sinta-se \u00e0 vontade para se candidatar e fazer parte de nossa equipe. Candidaturas espont\u00e2neas Para analisarmos seu perfil, envie seu dossi\u00ea por e-mail (tamanho inferior a 8 MB) ou em formato impresso, contendo: uma carta de motiva\u00e7\u00e3o, um [&hellip;]<\/p>\n","protected":false},"author":1,"featured_media":0,"parent":25,"menu_order":20,"comment_status":"closed","ping_status":"closed","template":"","meta":{"footnotes":""},"tags":[],"class_list":["post-1201","page","type-page","status-publish","hentry"],"_links":{"self":[{"href":"https:\/\/www.zuo-architecture.com\/pb\/wp-json\/wp\/v2\/pages\/1201","targetHints":{"allow":["GET"]}}],"collection":[{"href":"https:\/\/www.zuo-architecture.com\/pb\/wp-json\/wp\/v2\/pages"}],"about":[{"href":"https:\/\/www.zuo-architecture.com\/pb\/wp-json\/wp\/v2\/types\/page"}],"author":[{"embeddable":true,"href":"https:\/\/www.zuo-architecture.com\/pb\/wp-json\/wp\/v2\/users\/1"}],"replies":[{"embeddable":true,"href":"https:\/\/www.zuo-architecture.com\/pb\/wp-json\/wp\/v2\/comments?post=1201"}],"version-history":[{"count":14,"href":"https:\/\/www.zuo-architecture.com\/pb\/wp-json\/wp\/v2\/pages\/1201\/revisions"}],"predecessor-version":[{"id":3648,"href":"https:\/\/www.zuo-architecture.com\/pb\/wp-json\/wp\/v2\/pages\/1201\/revisions\/3648"}],"up":[{"embeddable":true,"href":"https:\/\/www.zuo-architecture.com\/pb\/wp-json\/wp\/v2\/pages\/25"}],"wp:attachment":[{"href":"https:\/\/www.zuo-architecture.com\/pb\/wp-json\/wp\/v2\/media?parent=1201"}],"wp:term":[{"taxonomy":"post_tag","embeddable":true,"href":"https:\/\/www.zuo-architecture.com\/pb\/wp-json\/wp\/v2\/tags?post=1201"}],"curies":[{"name":"wp","href":"https:\/\/api.w.org\/{rel}","templated":true}]}}