{"id":111,"date":"2017-10-24T14:39:28","date_gmt":"2017-10-24T12:39:28","guid":{"rendered":"http:\/\/www.zuo-architecture.com\/?page_id=111"},"modified":"2025-02-03T12:28:20","modified_gmt":"2025-02-03T11:28:20","slug":"philippe-gorce","status":"publish","type":"page","link":"https:\/\/www.zuo-architecture.com\/pb\/agence\/founding-partners\/philippe-gorce\/","title":{"rendered":"PHILIPPE GORCE"},"content":{"rendered":"<p><\/p>\n<p><\/p>\n<p>Arquiteto DPLG, formado em cenografia por Yves Bonnat, Philippe Gorce iniciou sua carreira como arquiteto da cidade de A\u00efn Chock, entre 1983 e 1985, na periferia de Casablanca, no Marrocos. Durante esse per\u00edodo de dois anos, desenvolveu cerca de quinze projetos. Membro do Groupe Volume de 1987 a 1993, participou de diversos projetos, principalmente em Madagascar e na Arg\u00e9lia, incluindo f\u00e1bricas e edif\u00edcios universit\u00e1rios. Em 1993, iniciou sua pr\u00e1tica independente, desenvolvendo projetos privados na Fran\u00e7a e no exterior, incluindo lojas, sedes corporativas, habita\u00e7\u00f5es, centros de confer\u00eancias e espa\u00e7os de recep\u00e7\u00e3o, al\u00e9m de atuar em coordena\u00e7\u00e3o de seguran\u00e7a SPS de n\u00edvel 1.<\/p>\n<p>Em 1996, fundou a DGLA com Thierry de Dinechin, liderando especialmente o projeto de reestrutura\u00e7\u00e3o da esta\u00e7\u00e3o Saint-Lazare, conclu\u00eddo em 2012.<\/p>\n<p>Philippe Gorce \u00e9 cofundador da DGLA Sud e da DGLA Costa do Marfim.<br \/>\nEle \u00e9 um dos tr\u00eas s\u00f3cios fundadores da ZUO.<\/p>\n<p style=\"text-align: right;\"><\/p>","protected":false},"excerpt":{"rendered":"<p>Arquiteto DPLG, formado em cenografia por Yves Bonnat, Philippe Gorce iniciou sua carreira como arquiteto da cidade de A\u00efn Chock, entre 1983 e 1985, na periferia de Casablanca, no Marrocos. Durante esse per\u00edodo de dois anos, desenvolveu cerca de quinze projetos. Membro do Groupe Volume de 1987 a 1993, participou de diversos projetos, principalmente em [&hellip;]<\/p>\n","protected":false},"author":1,"featured_media":3104,"parent":102,"menu_order":0,"comment_status":"closed","ping_status":"closed","template":"","meta":{"footnotes":""},"tags":[],"class_list":["post-111","page","type-page","status-publish","has-post-thumbnail","hentry"],"_links":{"self":[{"href":"https:\/\/www.zuo-architecture.com\/pb\/wp-json\/wp\/v2\/pages\/111","targetHints":{"allow":["GET"]}}],"collection":[{"href":"https:\/\/www.zuo-architecture.com\/pb\/wp-json\/wp\/v2\/pages"}],"about":[{"href":"https:\/\/www.zuo-architecture.com\/pb\/wp-json\/wp\/v2\/types\/page"}],"author":[{"embeddable":true,"href":"https:\/\/www.zuo-architecture.com\/pb\/wp-json\/wp\/v2\/users\/1"}],"replies":[{"embeddable":true,"href":"https:\/\/www.zuo-architecture.com\/pb\/wp-json\/wp\/v2\/comments?post=111"}],"version-history":[{"count":17,"href":"https:\/\/www.zuo-architecture.com\/pb\/wp-json\/wp\/v2\/pages\/111\/revisions"}],"predecessor-version":[{"id":3602,"href":"https:\/\/www.zuo-architecture.com\/pb\/wp-json\/wp\/v2\/pages\/111\/revisions\/3602"}],"up":[{"embeddable":true,"href":"https:\/\/www.zuo-architecture.com\/pb\/wp-json\/wp\/v2\/pages\/102"}],"wp:featuredmedia":[{"embeddable":true,"href":"https:\/\/www.zuo-architecture.com\/pb\/wp-json\/wp\/v2\/media\/3104"}],"wp:attachment":[{"href":"https:\/\/www.zuo-architecture.com\/pb\/wp-json\/wp\/v2\/media?parent=111"}],"wp:term":[{"taxonomy":"post_tag","embeddable":true,"href":"https:\/\/www.zuo-architecture.com\/pb\/wp-json\/wp\/v2\/tags?post=111"}],"curies":[{"name":"wp","href":"https:\/\/api.w.org\/{rel}","templated":true}]}}